{"id":89,"date":"2014-12-08T10:07:55","date_gmt":"2014-12-08T10:07:55","guid":{"rendered":"http:\/\/em-design.pl\/wp\/?page_id=89"},"modified":"2025-06-18T11:08:14","modified_gmt":"2025-06-18T09:08:14","slug":"pliki-do-pobrania","status":"publish","type":"page","link":"https:\/\/kupsik.com.pl\/index.php\/pliki-do-pobrania\/","title":{"rendered":"Pliki do pobrania"},"content":{"rendered":"<div class=\"panel-grid\" id=\"pg-89-0\" ><div class=\"panel-grid-core\"><div class=\"panel-grid-cell\" id=\"pgc-89-0-0\" ><div class=\"panel-widget-style\" ><p><a href=\"http:\/\/kupsik.com.pl\/wp-content\/uploads\/2019\/03\/katalog-wentylacjaWEB-srodek.pdf\"><img loading=\"lazy\" decoding=\"async\" width=\"298\" height=\"397\" src=\"https:\/\/kupsik.com.pl\/wp-content\/uploads\/2019\/03\/katalog-wentylacjaWEB-srodek-1.jpg\" class=\"attachment-full size-full\" alt=\"\" srcset=\"https:\/\/kupsik.com.pl\/wp-content\/uploads\/2019\/03\/katalog-wentylacjaWEB-srodek-1.jpg 298w, https:\/\/kupsik.com.pl\/wp-content\/uploads\/2019\/03\/katalog-wentylacjaWEB-srodek-1-225x300.jpg 225w\" sizes=\"auto, (max-width: 298px) 100vw, 298px\" \/><\/a><\/p><h3>katalog wentylacja<\/h3><\/div><\/div><div class=\"panel-grid-cell\" id=\"pgc-89-0-1\" ><div class=\"panel-widget-style\" ><p><a href=\"https:\/\/kupsik.com.pl\/wp-content\/uploads\/2025\/06\/akcesoria-plandekowe.pdf\"><img loading=\"lazy\" decoding=\"async\" width=\"269\" height=\"382\" src=\"https:\/\/kupsik.com.pl\/wp-content\/uploads\/2014\/12\/katalog-plandeki11.jpg\" class=\"attachment-column1-1\/2 size-column1-1\/2\" alt=\"\" srcset=\"https:\/\/kupsik.com.pl\/wp-content\/uploads\/2014\/12\/katalog-plandeki11.jpg 269w, https:\/\/kupsik.com.pl\/wp-content\/uploads\/2014\/12\/katalog-plandeki11-211x300.jpg 211w\" sizes=\"auto, (max-width: 269px) 100vw, 269px\" \/><\/a><\/p><h3>katalog plandeki<\/h3><\/div><\/div><div class=\"panel-grid-cell\" id=\"pgc-89-0-2\" ><div class=\"panel-widget-style\" ><p><a href=\"https:\/\/kupsik.com.pl\/wp-content\/uploads\/2024\/02\/Folder-rury-2024-2.jpg\"><img loading=\"lazy\" decoding=\"async\" width=\"248\" height=\"330\" src=\"https:\/\/kupsik.com.pl\/wp-content\/uploads\/2014\/12\/katalog_rury-_2014-11.jpg\" class=\"attachment-column1-1\/2 size-column1-1\/2\" alt=\"\" srcset=\"https:\/\/kupsik.com.pl\/wp-content\/uploads\/2014\/12\/katalog_rury-_2014-11.jpg 248w, https:\/\/kupsik.com.pl\/wp-content\/uploads\/2014\/12\/katalog_rury-_2014-11-225x300.jpg 225w\" sizes=\"auto, (max-width: 248px) 100vw, 248px\" \/><\/a><\/p><h3>katalog rury<\/h3><\/div><\/div><div class=\"panel-grid-cell\" id=\"pgc-89-0-3\" ><div class=\"panel-widget-style\" ><p><a href=\"https:\/\/kupsik.com.pl\/wp-content\/uploads\/2023\/10\/Warunki-realizacji-zamowien-30-05-2023.pdf\"><img loading=\"lazy\" decoding=\"async\" width=\"185\" height=\"255\" src=\"https:\/\/kupsik.com.pl\/wp-content\/uploads\/2014\/12\/ikona1.jpg\" class=\"attachment-column1-1\/2 size-column1-1\/2\" alt=\"\" \/><\/a><\/p><h3>Warunki realizacji zam\u00f3wie\u0144<\/h3><\/div><\/div><div class=\"panel-grid-cell\" id=\"pgc-89-0-4\" ><div class=\"panel-widget-style\" ><p><a href=\"https:\/\/kupsik.com.pl\/wp-content\/uploads\/2022\/10\/Przeksztalcenie_Informacja.pdf\"><img loading=\"lazy\" decoding=\"async\" width=\"185\" height=\"255\" src=\"https:\/\/kupsik.com.pl\/wp-content\/uploads\/2014\/12\/ikona1.jpg\" class=\"attachment-column1-1\/2 size-column1-1\/2\" alt=\"\" \/><\/a><\/p><h3>Przekszta\u0142cenie sp\u00f3\u0142ki informacja<\/h3><\/div><\/div><\/div><\/div><div class=\"panel-grid\" id=\"pg-89-1\" ><div class=\"panel-grid-core\"><div class=\"panel-grid-cell\" id=\"pgc-89-1-0\" ><div class=\"panel-widget-style\" ><p><a href=\"https:\/\/kupsik.com.pl\/wp-content\/uploads\/2023\/05\/polityka-prywatnosci-2023-2.pdf\"><img loading=\"lazy\" decoding=\"async\" width=\"185\" height=\"255\" src=\"https:\/\/kupsik.com.pl\/wp-content\/uploads\/2014\/12\/ikona1.jpg\" class=\"attachment-full size-full\" alt=\"\" \/><\/a><\/p><h3>Polityka Prywatno\u015bci<\/h3><\/div><\/div><\/div><\/div>","protected":false},"excerpt":{"rendered":"<p>katalog wentylacjakatalog plandekikatalog ruryWarunki realizacji zam\u00f3wie\u0144Przekszta\u0142cenie sp\u00f3\u0142ki informacjaPolityka Prywatno\u015bci<\/p>\n","protected":false},"author":1,"featured_media":0,"parent":0,"menu_order":2,"comment_status":"closed","ping_status":"closed","template":"","meta":{"footnotes":""},"categories":[],"tags":[],"class_list":["post-89","page","type-page","status-publish","hentry"],"_links":{"self":[{"href":"https:\/\/kupsik.com.pl\/index.php\/wp-json\/wp\/v2\/pages\/89","targetHints":{"allow":["GET"]}}],"collection":[{"href":"https:\/\/kupsik.com.pl\/index.php\/wp-json\/wp\/v2\/pages"}],"about":[{"href":"https:\/\/kupsik.com.pl\/index.php\/wp-json\/wp\/v2\/types\/page"}],"author":[{"embeddable":true,"href":"https:\/\/kupsik.com.pl\/index.php\/wp-json\/wp\/v2\/users\/1"}],"replies":[{"embeddable":true,"href":"https:\/\/kupsik.com.pl\/index.php\/wp-json\/wp\/v2\/comments?post=89"}],"version-history":[{"count":6,"href":"https:\/\/kupsik.com.pl\/index.php\/wp-json\/wp\/v2\/pages\/89\/revisions"}],"predecessor-version":[{"id":721,"href":"https:\/\/kupsik.com.pl\/index.php\/wp-json\/wp\/v2\/pages\/89\/revisions\/721"}],"wp:attachment":[{"href":"https:\/\/kupsik.com.pl\/index.php\/wp-json\/wp\/v2\/media?parent=89"}],"wp:term":[{"taxonomy":"category","embeddable":true,"href":"https:\/\/kupsik.com.pl\/index.php\/wp-json\/wp\/v2\/categories?post=89"},{"taxonomy":"post_tag","embeddable":true,"href":"https:\/\/kupsik.com.pl\/index.php\/wp-json\/wp\/v2\/tags?post=89"}],"curies":[{"name":"wp","href":"https:\/\/api.w.org\/{rel}","templated":true}]}}