{"id":476,"date":"2015-01-02T13:31:03","date_gmt":"2015-01-02T13:31:03","guid":{"rendered":"http:\/\/t.kupsik.com.pl\/?page_id=476"},"modified":"2025-11-17T07:47:03","modified_gmt":"2025-11-17T06:47:03","slug":"meine_startseite","status":"publish","type":"page","link":"https:\/\/kupsik.com.pl\/index.php\/meine_startseite\/","title":{"rendered":"Meine Startseite"},"content":{"rendered":"<div class=\"panel-grid\" id=\"pg-476-0\" ><div class=\"panel-grid-core\"><div class=\"panel-grid-cell\" id=\"pgc-476-0-0\" >&nbsp;<\/div><div class=\"panel-grid-cell\" id=\"pgc-476-0-1\" >&nbsp;<\/div><div class=\"panel-grid-cell\" id=\"pgc-476-0-2\" ><div class=\"panel-widget-style\" ><p><a href=\"https:\/\/kupsik.com.pl\/wp-content\/uploads\/2022\/10\/DRUK-FIRMOWY_2022-zmiana-spolki.pdf\"><img loading=\"lazy\" decoding=\"async\" width=\"185\" height=\"255\" src=\"https:\/\/kupsik.com.pl\/wp-content\/uploads\/2022\/10\/ikona-1.jpg\" class=\"attachment-full size-full\" alt=\"\" \/><\/a><\/p><h3>TRANSFORMATION OF LEGAL FORM OF THE COMPANY<\/h3><\/div><\/div><\/div><\/div><div class=\"panel-grid\" id=\"pg-476-1\" ><div class=\"panel-grid-core\"><div class=\"panel-grid-cell\" id=\"pgc-476-1-0\" ><div class=\"panel-widget-style\" ><p><a href=\"https:\/\/kupsik.com.pl\/index.php\/luftung\/\"><img loading=\"lazy\" decoding=\"async\" width=\"882\" height=\"245\" src=\"https:\/\/kupsik.com.pl\/wp-content\/uploads\/2014\/12\/baner-profile11.jpg\" class=\"attachment-full size-full\" alt=\"\" srcset=\"https:\/\/kupsik.com.pl\/wp-content\/uploads\/2014\/12\/baner-profile11.jpg 882w, https:\/\/kupsik.com.pl\/wp-content\/uploads\/2014\/12\/baner-profile11-300x83.jpg 300w\" sizes=\"auto, (max-width: 882px) 100vw, 882px\" \/><\/a><\/p><h3>L\u00dcFTUNG<\/h3><p>Der Haupterwerbszweig der Firma Kupsik ist die L\u00fcftung-Industrie. Wir sind ein Hersteller einer vollst\u00e4ndigen Palette von Profilen und zu den meisten L\u00fcftungs-Systeme auf dem Markt...<\/p>\n<\/div><div class=\"panel-widget-style\" ><a href=\"https:\/\/kupsik.com.pl\/index.php\/luftung\/\" class=\"button style1 themebutton small\"off>Mehr<\/a><\/div><\/div><div class=\"panel-grid-cell\" id=\"pgc-476-1-1\" ><div class=\"panel-widget-style\" ><p><a href=\"http:\/\/t.kupsik.com.pl\/?page_id=388\"><img loading=\"lazy\" decoding=\"async\" width=\"292\" height=\"98\" src=\"https:\/\/kupsik.com.pl\/wp-content\/uploads\/2015\/01\/plandeki-str-gl1.jpg\" class=\"attachment-full size-full\" alt=\"\" srcset=\"https:\/\/kupsik.com.pl\/wp-content\/uploads\/2015\/01\/plandeki-str-gl1.jpg 292w, https:\/\/kupsik.com.pl\/wp-content\/uploads\/2015\/01\/plandeki-str-gl1-285x95.jpg 285w\" sizes=\"auto, (max-width: 292px) 100vw, 292px\" \/><\/a><\/p><h3>PLANEN<\/h3><p>Wir sind Hersteller von Planenzubeh\u00f6r.<\/p>\n<\/div><div class=\"panel-widget-style\" ><a href=\"http:\/\/kupsik.com.pl\/index.php\/planen\/\" class=\"button style1 themebutton small\"off>Mehr<\/a><\/div><\/div><div class=\"panel-grid-cell\" id=\"pgc-476-1-2\" ><div class=\"panel-widget-style\" ><p><a href=\"https:\/\/kupsik.com.pl\/index.php\/geschweiste-rohre\/\"><img loading=\"lazy\" decoding=\"async\" width=\"292\" height=\"98\" src=\"https:\/\/kupsik.com.pl\/wp-content\/uploads\/2015\/01\/RURY-STR-GL1.jpg\" class=\"attachment-full size-full\" alt=\"\" srcset=\"https:\/\/kupsik.com.pl\/wp-content\/uploads\/2015\/01\/RURY-STR-GL1.jpg 292w, https:\/\/kupsik.com.pl\/wp-content\/uploads\/2015\/01\/RURY-STR-GL1-285x95.jpg 285w\" sizes=\"auto, (max-width: 292px) 100vw, 292px\" \/><\/a><\/p><h3>GESCHWEI\u00dfTE ROHRE<\/h3><p>Die Rohre werden durch Induktion geschwei\u00dft, mit einer Schwei\u00dfnaht mit Aluminium\u00fcberzug. Es handelt sich dabei um aluminierte, verchromte und rostfreie Rohre mit Durchmessern zwischen...<\/p>\n<\/div><div class=\"panel-widget-style\" ><a href=\"http:\/\/kupsik.com.pl\/index.php\/geschweiste-rohre\/\" class=\"button style1 themebutton small\"off>Mehr<\/a><\/div><\/div><\/div><\/div>","protected":false},"excerpt":{"rendered":"<p>&nbsp;&nbsp;TRANSFORMATION OF LEGAL FORM OF THE COMPANYL\u00dcFTUNGDer Haupterwerbszweig der Firma Kupsik ist die L\u00fcftung-Industrie. Wir sind ein Hersteller einer vollst\u00e4ndigen Palette von Profilen und zu den meisten L\u00fcftungs-Systeme auf dem Markt&#8230; MehrPLANENWir sind Hersteller von Planenzubeh\u00f6r. MehrGESCHWEI\u00dfTE ROHREDie Rohre werden durch Induktion geschwei\u00dft, mit einer Schwei\u00dfnaht mit Aluminium\u00fcberzug. Es handelt sich dabei um aluminierte, verchromte [&hellip;]<\/p>\n","protected":false},"author":1,"featured_media":0,"parent":0,"menu_order":0,"comment_status":"closed","ping_status":"closed","template":"","meta":{"footnotes":""},"categories":[],"tags":[],"class_list":["post-476","page","type-page","status-publish","hentry"],"_links":{"self":[{"href":"https:\/\/kupsik.com.pl\/index.php\/wp-json\/wp\/v2\/pages\/476","targetHints":{"allow":["GET"]}}],"collection":[{"href":"https:\/\/kupsik.com.pl\/index.php\/wp-json\/wp\/v2\/pages"}],"about":[{"href":"https:\/\/kupsik.com.pl\/index.php\/wp-json\/wp\/v2\/types\/page"}],"author":[{"embeddable":true,"href":"https:\/\/kupsik.com.pl\/index.php\/wp-json\/wp\/v2\/users\/1"}],"replies":[{"embeddable":true,"href":"https:\/\/kupsik.com.pl\/index.php\/wp-json\/wp\/v2\/comments?post=476"}],"version-history":[{"count":6,"href":"https:\/\/kupsik.com.pl\/index.php\/wp-json\/wp\/v2\/pages\/476\/revisions"}],"predecessor-version":[{"id":940,"href":"https:\/\/kupsik.com.pl\/index.php\/wp-json\/wp\/v2\/pages\/476\/revisions\/940"}],"wp:attachment":[{"href":"https:\/\/kupsik.com.pl\/index.php\/wp-json\/wp\/v2\/media?parent=476"}],"wp:term":[{"taxonomy":"category","embeddable":true,"href":"https:\/\/kupsik.com.pl\/index.php\/wp-json\/wp\/v2\/categories?post=476"},{"taxonomy":"post_tag","embeddable":true,"href":"https:\/\/kupsik.com.pl\/index.php\/wp-json\/wp\/v2\/tags?post=476"}],"curies":[{"name":"wp","href":"https:\/\/api.w.org\/{rel}","templated":true}]}}