{"id":425,"date":"2015-01-02T11:30:47","date_gmt":"2015-01-02T11:30:47","guid":{"rendered":"http:\/\/t.kupsik.com.pl\/?page_id=425"},"modified":"2016-02-01T08:40:12","modified_gmt":"2016-02-01T07:40:12","slug":"coils-spaltung","status":"publish","type":"page","link":"https:\/\/kupsik.com.pl\/index.php\/leistungen\/coils-spaltung\/","title":{"rendered":"Coils Spaltung"},"content":{"rendered":"<div class=\"panel-grid\" id=\"pg-425-0\" ><div class=\"panel-grid-core\"><div class=\"panel-grid-cell\" id=\"pgc-425-0-0\" ><div class=\"panel-widget-style\" ><p><img loading=\"lazy\" decoding=\"async\" width=\"1343\" height=\"351\" src=\"https:\/\/kupsik.com.pl\/wp-content\/uploads\/2015\/01\/ciecie-uslugi11.jpg\" class=\"attachment-full size-full\" alt=\"\" srcset=\"https:\/\/kupsik.com.pl\/wp-content\/uploads\/2015\/01\/ciecie-uslugi11.jpg 1343w, https:\/\/kupsik.com.pl\/wp-content\/uploads\/2015\/01\/ciecie-uslugi11-300x78.jpg 300w, https:\/\/kupsik.com.pl\/wp-content\/uploads\/2015\/01\/ciecie-uslugi11-1024x268.jpg 1024w\" sizes=\"auto, (max-width: 1343px) 100vw, 1343px\" \/><\/p><p>Seit dem Jahr 2000 bietet Firma Kupsik das Schneiden von Blechsorten DX und DD11 in dem Dickenbereich zwischen 0,7mm und 2,5 mm. Unsere L\u00e4ngsteilanlage ist im Stande, ein Coil mit dem Gewicht bis zu 12 Tonnen zu teilen.<br \/>\nWir k\u00f6nnen Coils mit einer maximalen Breite von 1500 mm, einer H\u00f6he von 1600 mm sowie mit einem Innendurchmesser zwischen 480 mm und 510 mm verarbeiten. Aus der Breite 1500 mm k\u00f6nnen maximal 20 Streifen mit einer Mindestbreite von 40 mm hergestellt werden.<br \/>\nF\u00fcr weitere Angaben nehmen Sie bitte Kontakt mit unserer Handelsvertretung auf.<\/p>\n<\/div><\/div><\/div><\/div>","protected":false},"excerpt":{"rendered":"<p>Seit dem Jahr 2000 bietet Firma Kupsik das Schneiden von Blechsorten DX und DD11 in dem Dickenbereich zwischen 0,7mm und 2,5 mm. Unsere L\u00e4ngsteilanlage ist im Stande, ein Coil mit dem Gewicht bis zu 12 Tonnen zu teilen. Wir k\u00f6nnen Coils mit einer maximalen Breite von 1500 mm, einer H\u00f6he von 1600 mm sowie mit [&hellip;]<\/p>\n","protected":false},"author":1,"featured_media":0,"parent":414,"menu_order":0,"comment_status":"closed","ping_status":"closed","template":"","meta":{"footnotes":""},"categories":[],"tags":[],"class_list":["post-425","page","type-page","status-publish","hentry"],"_links":{"self":[{"href":"https:\/\/kupsik.com.pl\/index.php\/wp-json\/wp\/v2\/pages\/425","targetHints":{"allow":["GET"]}}],"collection":[{"href":"https:\/\/kupsik.com.pl\/index.php\/wp-json\/wp\/v2\/pages"}],"about":[{"href":"https:\/\/kupsik.com.pl\/index.php\/wp-json\/wp\/v2\/types\/page"}],"author":[{"embeddable":true,"href":"https:\/\/kupsik.com.pl\/index.php\/wp-json\/wp\/v2\/users\/1"}],"replies":[{"embeddable":true,"href":"https:\/\/kupsik.com.pl\/index.php\/wp-json\/wp\/v2\/comments?post=425"}],"version-history":[{"count":1,"href":"https:\/\/kupsik.com.pl\/index.php\/wp-json\/wp\/v2\/pages\/425\/revisions"}],"predecessor-version":[{"id":766,"href":"https:\/\/kupsik.com.pl\/index.php\/wp-json\/wp\/v2\/pages\/425\/revisions\/766"}],"up":[{"embeddable":true,"href":"https:\/\/kupsik.com.pl\/index.php\/wp-json\/wp\/v2\/pages\/414"}],"wp:attachment":[{"href":"https:\/\/kupsik.com.pl\/index.php\/wp-json\/wp\/v2\/media?parent=425"}],"wp:term":[{"taxonomy":"category","embeddable":true,"href":"https:\/\/kupsik.com.pl\/index.php\/wp-json\/wp\/v2\/categories?post=425"},{"taxonomy":"post_tag","embeddable":true,"href":"https:\/\/kupsik.com.pl\/index.php\/wp-json\/wp\/v2\/tags?post=425"}],"curies":[{"name":"wp","href":"https:\/\/api.w.org\/{rel}","templated":true}]}}