{"id":414,"date":"2015-01-02T11:17:56","date_gmt":"2015-01-02T11:17:56","guid":{"rendered":"http:\/\/t.kupsik.com.pl\/?page_id=414"},"modified":"2016-02-01T08:40:21","modified_gmt":"2016-02-01T07:40:21","slug":"leistungen","status":"publish","type":"page","link":"https:\/\/kupsik.com.pl\/index.php\/leistungen\/","title":{"rendered":"Leistungen"},"content":{"rendered":"<div class=\"panel-grid\" id=\"pg-414-0\" ><div class=\"panel-grid-core\"><div class=\"panel-grid-cell\" id=\"pgc-414-0-0\" ><div class=\"panel-widget-style\" ><p><a href=\"http:\/\/t.kupsik.com.pl\/leistungen\/coils-spaltung\"><img loading=\"lazy\" decoding=\"async\" width=\"3815\" height=\"1866\" src=\"https:\/\/kupsik.com.pl\/wp-content\/uploads\/2014\/12\/mercedes1.jpg\" class=\"attachment-full size-full\" alt=\"\" srcset=\"https:\/\/kupsik.com.pl\/wp-content\/uploads\/2014\/12\/mercedes1.jpg 3815w, https:\/\/kupsik.com.pl\/wp-content\/uploads\/2014\/12\/mercedes1-300x147.jpg 300w, https:\/\/kupsik.com.pl\/wp-content\/uploads\/2014\/12\/mercedes1-1024x501.jpg 1024w\" sizes=\"auto, (max-width: 3815px) 100vw, 3815px\" \/><\/a><\/p><h3>Coils Spaltung<\/h3><p>Seit dem Jahr 2000 bietet Firma Kupsik das Schneiden von Blechsorten DX und DD11 in dem Dickenbereich zwischen 0,7mm und 2,5 mm. Unsere L\u00e4ngsteilanlage ist im Stande, ein Coil mit dem Gewicht bis zu 12 Tonnen zu teilen.<\/p>\n<\/div><div class=\"panel-widget-style\" ><a href=\"http:\/\/t.kupsik.com.pl\/?page_id=425\" class=\"button style2 themebutton small\"off>Weiter<\/a><\/div><\/div><div class=\"panel-grid-cell\" id=\"pgc-414-0-1\" ><div class=\"panel-widget-style\" ><p><a href=\"http:\/\/t.kupsik.com.pl\/verzinken\"><img loading=\"lazy\" decoding=\"async\" width=\"800\" height=\"228\" src=\"https:\/\/kupsik.com.pl\/wp-content\/uploads\/2014\/12\/img_97591-800x228.jpg\" class=\"attachment-column1-1\/5 size-column1-1\/5\" alt=\"\" \/><\/a><\/p><h3>Galvanisierung<\/h3><p>Wir verf\u00fcgen auch \u00fcber eigene, automatisch gesteuerte, galvanische Trommelanlage (schwachsaure B\u00e4der f\u00fcr silberwei\u00dfe bzw. irisierende Optik der Passivierung) auf Basis der dreiwertigen Verchromung.<\/p>\n<\/div><div class=\"panel-widget-style\" ><a href=\"http:\/\/t.kupsik.com.pl\/verzinken\" class=\"button style2 themebutton small\"off>Weiter<\/a><\/div><\/div><div class=\"panel-grid-cell\" id=\"pgc-414-0-2\" ><div class=\"panel-widget-style\" ><p><a href=\"http:\/\/t.kupsik.com.pl\/sonderprofile\"><img loading=\"lazy\" decoding=\"async\" width=\"1140\" height=\"351\" src=\"https:\/\/kupsik.com.pl\/wp-content\/uploads\/2014\/12\/uslugi-profile-specjalne1-1140x351.jpg\" class=\"attachment-column1-1\/3 size-column1-1\/3\" alt=\"\" \/><\/a><\/p><h3>Spezialprofilen<\/h3><p>Auch Sonderprofile werden von uns angeboten. Wir k\u00f6nnen einen Auftrag Ihrer Spezifikation entsprechend ausf\u00fchren. Der gesamte Prozess wird von unseren Fachingenieuren beaufsichtigt. <\/p>\n<\/div><div class=\"panel-widget-style\" ><a href=\"http:\/\/t.kupsik.com.pl\/sonderprofile\" class=\"button style2 themebutton small\"off>Weiter<\/a><\/div><\/div><\/div><\/div><div class=\"panel-grid\" id=\"pg-414-1\" ><div class=\"panel-grid-core\"><div class=\"panel-grid-cell\" id=\"pgc-414-1-0\" >&nbsp;<\/div><\/div><\/div>","protected":false},"excerpt":{"rendered":"<p>Coils SpaltungSeit dem Jahr 2000 bietet Firma Kupsik das Schneiden von Blechsorten DX und DD11 in dem Dickenbereich zwischen 0,7mm und 2,5 mm. Unsere L\u00e4ngsteilanlage ist im Stande, ein Coil mit dem Gewicht bis zu 12 Tonnen zu teilen. WeiterGalvanisierungWir verf\u00fcgen auch \u00fcber eigene, automatisch gesteuerte, galvanische Trommelanlage (schwachsaure B\u00e4der f\u00fcr silberwei\u00dfe bzw. irisierende Optik [&hellip;]<\/p>\n","protected":false},"author":1,"featured_media":0,"parent":0,"menu_order":0,"comment_status":"closed","ping_status":"closed","template":"","meta":{"footnotes":""},"categories":[],"tags":[],"class_list":["post-414","page","type-page","status-publish","hentry"],"_links":{"self":[{"href":"https:\/\/kupsik.com.pl\/index.php\/wp-json\/wp\/v2\/pages\/414","targetHints":{"allow":["GET"]}}],"collection":[{"href":"https:\/\/kupsik.com.pl\/index.php\/wp-json\/wp\/v2\/pages"}],"about":[{"href":"https:\/\/kupsik.com.pl\/index.php\/wp-json\/wp\/v2\/types\/page"}],"author":[{"embeddable":true,"href":"https:\/\/kupsik.com.pl\/index.php\/wp-json\/wp\/v2\/users\/1"}],"replies":[{"embeddable":true,"href":"https:\/\/kupsik.com.pl\/index.php\/wp-json\/wp\/v2\/comments?post=414"}],"version-history":[{"count":1,"href":"https:\/\/kupsik.com.pl\/index.php\/wp-json\/wp\/v2\/pages\/414\/revisions"}],"predecessor-version":[{"id":767,"href":"https:\/\/kupsik.com.pl\/index.php\/wp-json\/wp\/v2\/pages\/414\/revisions\/767"}],"wp:attachment":[{"href":"https:\/\/kupsik.com.pl\/index.php\/wp-json\/wp\/v2\/media?parent=414"}],"wp:term":[{"taxonomy":"category","embeddable":true,"href":"https:\/\/kupsik.com.pl\/index.php\/wp-json\/wp\/v2\/categories?post=414"},{"taxonomy":"post_tag","embeddable":true,"href":"https:\/\/kupsik.com.pl\/index.php\/wp-json\/wp\/v2\/tags?post=414"}],"curies":[{"name":"wp","href":"https:\/\/api.w.org\/{rel}","templated":true}]}}