{"id":409,"date":"2015-01-02T11:11:30","date_gmt":"2015-01-02T11:11:30","guid":{"rendered":"http:\/\/t.kupsik.com.pl\/?page_id=409"},"modified":"2016-02-01T08:44:21","modified_gmt":"2016-02-01T07:44:21","slug":"verzinken","status":"publish","type":"page","link":"https:\/\/kupsik.com.pl\/index.php\/verzinken\/","title":{"rendered":"Verzinken"},"content":{"rendered":"<div class=\"panel-grid\" id=\"pg-409-0\" ><div class=\"panel-grid-core\"><div class=\"panel-grid-cell\" id=\"pgc-409-0-0\" ><div class=\"panel-widget-style\" ><p><img loading=\"lazy\" decoding=\"async\" width=\"940\" height=\"246\" src=\"https:\/\/kupsik.com.pl\/wp-content\/uploads\/2015\/01\/cenkownia-uslugi11.jpg\" class=\"attachment-full size-full\" alt=\"\" srcset=\"https:\/\/kupsik.com.pl\/wp-content\/uploads\/2015\/01\/cenkownia-uslugi11.jpg 940w, https:\/\/kupsik.com.pl\/wp-content\/uploads\/2015\/01\/cenkownia-uslugi11-300x79.jpg 300w\" sizes=\"auto, (max-width: 940px) 100vw, 940px\" \/><\/p><p>Wir verf\u00fcgen auch \u00fcber eigene, automatisch gesteuerte, galvanische Trommelanlage (schwachsaure B\u00e4der f\u00fcr silberwei\u00dfe bzw. irisierende Optik der Passivierung) auf Basis der dreiwertigen Verchromung.<br \/>\nWir bieten Verzinkung von Stahlelementen mit einer maximalen L\u00e4nge von 50 cm bei einer Kapazit\u00e4t von 10 Tonnen pro Tag an. Der Preis richtet sich nach der Sorte der zu verzinkenden Bauteile. Wir k\u00f6nnen das Endprodukt f\u00fcr Sie verpacken lassen.<\/p>\n<\/div><\/div><\/div><\/div>","protected":false},"excerpt":{"rendered":"<p>Wir verf\u00fcgen auch \u00fcber eigene, automatisch gesteuerte, galvanische Trommelanlage (schwachsaure B\u00e4der f\u00fcr silberwei\u00dfe bzw. irisierende Optik der Passivierung) auf Basis der dreiwertigen Verchromung. Wir bieten Verzinkung von Stahlelementen mit einer maximalen L\u00e4nge von 50 cm bei einer Kapazit\u00e4t von 10 Tonnen pro Tag an. Der Preis richtet sich nach der Sorte der zu verzinkenden Bauteile. [&hellip;]<\/p>\n","protected":false},"author":1,"featured_media":0,"parent":0,"menu_order":0,"comment_status":"closed","ping_status":"closed","template":"","meta":{"footnotes":""},"categories":[],"tags":[],"class_list":["post-409","page","type-page","status-publish","hentry"],"_links":{"self":[{"href":"https:\/\/kupsik.com.pl\/index.php\/wp-json\/wp\/v2\/pages\/409","targetHints":{"allow":["GET"]}}],"collection":[{"href":"https:\/\/kupsik.com.pl\/index.php\/wp-json\/wp\/v2\/pages"}],"about":[{"href":"https:\/\/kupsik.com.pl\/index.php\/wp-json\/wp\/v2\/types\/page"}],"author":[{"embeddable":true,"href":"https:\/\/kupsik.com.pl\/index.php\/wp-json\/wp\/v2\/users\/1"}],"replies":[{"embeddable":true,"href":"https:\/\/kupsik.com.pl\/index.php\/wp-json\/wp\/v2\/comments?post=409"}],"version-history":[{"count":1,"href":"https:\/\/kupsik.com.pl\/index.php\/wp-json\/wp\/v2\/pages\/409\/revisions"}],"predecessor-version":[{"id":774,"href":"https:\/\/kupsik.com.pl\/index.php\/wp-json\/wp\/v2\/pages\/409\/revisions\/774"}],"wp:attachment":[{"href":"https:\/\/kupsik.com.pl\/index.php\/wp-json\/wp\/v2\/media?parent=409"}],"wp:term":[{"taxonomy":"category","embeddable":true,"href":"https:\/\/kupsik.com.pl\/index.php\/wp-json\/wp\/v2\/categories?post=409"},{"taxonomy":"post_tag","embeddable":true,"href":"https:\/\/kupsik.com.pl\/index.php\/wp-json\/wp\/v2\/tags?post=409"}],"curies":[{"name":"wp","href":"https:\/\/api.w.org\/{rel}","templated":true}]}}