{"id":382,"date":"2015-01-02T10:40:29","date_gmt":"2015-01-02T10:40:29","guid":{"rendered":"http:\/\/t.kupsik.com.pl\/?page_id=382"},"modified":"2019-03-22T09:26:34","modified_gmt":"2019-03-22T08:26:34","slug":"luftung","status":"publish","type":"page","link":"https:\/\/kupsik.com.pl\/index.php\/luftung\/","title":{"rendered":"L\u00fcftung"},"content":{"rendered":"<div class=\"panel-grid\" id=\"pg-382-0\" ><div class=\"panel-grid-core\"><div class=\"panel-grid-cell\" id=\"pgc-382-0-0\" >&nbsp;<\/div><\/div><\/div><div class=\"panel-grid\" id=\"pg-382-1\" ><div class=\"panel-grid-core\"><div class=\"panel-grid-cell\" id=\"pgc-382-1-0\" ><div class=\"panel-widget-style\" ><p><img loading=\"lazy\" decoding=\"async\" width=\"882\" height=\"228\" src=\"https:\/\/kupsik.com.pl\/wp-content\/uploads\/2014\/12\/baner-profile4-882x228.jpg\" class=\"attachment-column1-1\/5 size-column1-1\/5\" alt=\"\" \/><\/p><h3> <\/h3><p>Der Haupterwerbszweig der Firma Kupsik ist die L\u00fcftung-Industrie. Wir sind ein Hersteller einer vollst\u00e4ndigen Palette von Profilen und zu den meisten L\u00fcftungs-Systeme auf dem Markt angebotenen Ecken. Gem\u00e4\u00df unserer Datenschutz-Politik-One stop-wir wollen unser Unternehmen umfassende vollst\u00e4ndige Auswahl von Zubeh\u00f6r f\u00fcr L\u00fcftung anbieten.<\/p>\n<p>K-Flanschverbindungen der Luftkan\u00e4len erf\u00fcllen die Dichtheitsanforderungen Klasse<br \/>\n\"C\"  \u00dcberdruckbereich<br \/>\n\"D\" Unterdruckbereich<\/p>\n<p>Dichtheitsuntersuchungen der Flanschverbindungen wurden gem\u00e4\u00df der europ\u00e4ischen Norm EN 1507<br \/>\ndurch Abteilung f\u00fcr Heizung und L\u00fcftung der Technischen Hochschule in \u0141\u00f3d\u017a durchgef\u00fchrt.<\/p>\n<\/div><\/div><div class=\"panel-grid-cell\" id=\"pgc-382-1-1\" ><div class=\"panel-widget-style\" ><p style=\"text-align: center;\"><a href=\"http:\/\/kupsik.com.pl\/wp-content\/uploads\/2019\/03\/katalog-wentylacjaWEB-srodek.pdf\"><img decoding=\"async\" src=\"https:\/\/kupsik.com.pl\/wp-content\/uploads\/2019\/03\/okladka-wentylacja-225x300.jpg\" alt=\"\" \/><\/a><\/p><\/div><\/div><\/div><\/div>","protected":false},"excerpt":{"rendered":"<p>&nbsp; Der Haupterwerbszweig der Firma Kupsik ist die L\u00fcftung-Industrie. Wir sind ein Hersteller einer vollst\u00e4ndigen Palette von Profilen und zu den meisten L\u00fcftungs-Systeme auf dem Markt angebotenen Ecken. Gem\u00e4\u00df unserer Datenschutz-Politik-One stop-wir wollen unser Unternehmen umfassende vollst\u00e4ndige Auswahl von Zubeh\u00f6r f\u00fcr L\u00fcftung anbieten. K-Flanschverbindungen der Luftkan\u00e4len erf\u00fcllen die Dichtheitsanforderungen Klasse &#8222;C&#8221; \u00dcberdruckbereich &#8222;D&#8221; Unterdruckbereich Dichtheitsuntersuchungen [&hellip;]<\/p>\n","protected":false},"author":1,"featured_media":18,"parent":0,"menu_order":0,"comment_status":"closed","ping_status":"closed","template":"","meta":{"footnotes":""},"categories":[],"tags":[],"class_list":["post-382","page","type-page","status-publish","has-post-thumbnail","hentry"],"_links":{"self":[{"href":"https:\/\/kupsik.com.pl\/index.php\/wp-json\/wp\/v2\/pages\/382","targetHints":{"allow":["GET"]}}],"collection":[{"href":"https:\/\/kupsik.com.pl\/index.php\/wp-json\/wp\/v2\/pages"}],"about":[{"href":"https:\/\/kupsik.com.pl\/index.php\/wp-json\/wp\/v2\/types\/page"}],"author":[{"embeddable":true,"href":"https:\/\/kupsik.com.pl\/index.php\/wp-json\/wp\/v2\/users\/1"}],"replies":[{"embeddable":true,"href":"https:\/\/kupsik.com.pl\/index.php\/wp-json\/wp\/v2\/comments?post=382"}],"version-history":[{"count":3,"href":"https:\/\/kupsik.com.pl\/index.php\/wp-json\/wp\/v2\/pages\/382\/revisions"}],"predecessor-version":[{"id":877,"href":"https:\/\/kupsik.com.pl\/index.php\/wp-json\/wp\/v2\/pages\/382\/revisions\/877"}],"wp:featuredmedia":[{"embeddable":true,"href":"https:\/\/kupsik.com.pl\/index.php\/wp-json\/wp\/v2\/media\/18"}],"wp:attachment":[{"href":"https:\/\/kupsik.com.pl\/index.php\/wp-json\/wp\/v2\/media?parent=382"}],"wp:term":[{"taxonomy":"category","embeddable":true,"href":"https:\/\/kupsik.com.pl\/index.php\/wp-json\/wp\/v2\/categories?post=382"},{"taxonomy":"post_tag","embeddable":true,"href":"https:\/\/kupsik.com.pl\/index.php\/wp-json\/wp\/v2\/tags?post=382"}],"curies":[{"name":"wp","href":"https:\/\/api.w.org\/{rel}","templated":true}]}}