{"id":374,"date":"2015-01-02T10:05:03","date_gmt":"2015-01-02T10:05:03","guid":{"rendered":"http:\/\/t.kupsik.com.pl\/?page_id=374"},"modified":"2016-02-01T08:38:03","modified_gmt":"2016-02-01T07:38:03","slug":"sonderprofile","status":"publish","type":"page","link":"https:\/\/kupsik.com.pl\/index.php\/sonderprofile\/","title":{"rendered":"Sonderprofile"},"content":{"rendered":"<div class=\"panel-grid\" id=\"pg-374-0\" ><div class=\"panel-grid-core\"><div class=\"panel-grid-cell\" id=\"pgc-374-0-0\" ><div class=\"panel-widget-style\" ><p><img loading=\"lazy\" decoding=\"async\" width=\"1343\" height=\"351\" src=\"https:\/\/kupsik.com.pl\/wp-content\/uploads\/2015\/01\/uslugi-profile-specjalne11.jpg\" class=\"attachment-full size-full\" alt=\"\" srcset=\"https:\/\/kupsik.com.pl\/wp-content\/uploads\/2015\/01\/uslugi-profile-specjalne11.jpg 1343w, https:\/\/kupsik.com.pl\/wp-content\/uploads\/2015\/01\/uslugi-profile-specjalne11-300x78.jpg 300w, https:\/\/kupsik.com.pl\/wp-content\/uploads\/2015\/01\/uslugi-profile-specjalne11-1024x268.jpg 1024w\" sizes=\"auto, (max-width: 1343px) 100vw, 1343px\" \/><\/p><p>Auch Sonderprofile werden von uns angeboten. Wir k\u00f6nnen einen Auftrag Ihrer Spezifikation entsprechend ausf\u00fchren. Der gesamte Prozess wird von unseren Fachingenieuren beaufsichtigt. Es ist beachtenswert, dass s\u00e4mtliche f\u00fcr die Fertigstellung der Profile erforderlichen Werkzeuge von uns vor Ort erstellt werden. Dadurch werden die Umsetzungsfrist wesentlich k\u00fcrzer und die Kosten weitgehend reduziert.<\/p>\n<\/div><\/div><\/div><\/div>","protected":false},"excerpt":{"rendered":"<p>Auch Sonderprofile werden von uns angeboten. Wir k\u00f6nnen einen Auftrag Ihrer Spezifikation entsprechend ausf\u00fchren. Der gesamte Prozess wird von unseren Fachingenieuren beaufsichtigt. Es ist beachtenswert, dass s\u00e4mtliche f\u00fcr die Fertigstellung der Profile erforderlichen Werkzeuge von uns vor Ort erstellt werden. Dadurch werden die Umsetzungsfrist wesentlich k\u00fcrzer und die Kosten weitgehend reduziert.<\/p>\n","protected":false},"author":1,"featured_media":0,"parent":0,"menu_order":0,"comment_status":"closed","ping_status":"closed","template":"","meta":{"footnotes":""},"categories":[],"tags":[],"class_list":["post-374","page","type-page","status-publish","hentry"],"_links":{"self":[{"href":"https:\/\/kupsik.com.pl\/index.php\/wp-json\/wp\/v2\/pages\/374","targetHints":{"allow":["GET"]}}],"collection":[{"href":"https:\/\/kupsik.com.pl\/index.php\/wp-json\/wp\/v2\/pages"}],"about":[{"href":"https:\/\/kupsik.com.pl\/index.php\/wp-json\/wp\/v2\/types\/page"}],"author":[{"embeddable":true,"href":"https:\/\/kupsik.com.pl\/index.php\/wp-json\/wp\/v2\/users\/1"}],"replies":[{"embeddable":true,"href":"https:\/\/kupsik.com.pl\/index.php\/wp-json\/wp\/v2\/comments?post=374"}],"version-history":[{"count":1,"href":"https:\/\/kupsik.com.pl\/index.php\/wp-json\/wp\/v2\/pages\/374\/revisions"}],"predecessor-version":[{"id":759,"href":"https:\/\/kupsik.com.pl\/index.php\/wp-json\/wp\/v2\/pages\/374\/revisions\/759"}],"wp:attachment":[{"href":"https:\/\/kupsik.com.pl\/index.php\/wp-json\/wp\/v2\/media?parent=374"}],"wp:term":[{"taxonomy":"category","embeddable":true,"href":"https:\/\/kupsik.com.pl\/index.php\/wp-json\/wp\/v2\/categories?post=374"},{"taxonomy":"post_tag","embeddable":true,"href":"https:\/\/kupsik.com.pl\/index.php\/wp-json\/wp\/v2\/tags?post=374"}],"curies":[{"name":"wp","href":"https:\/\/api.w.org\/{rel}","templated":true}]}}