{"id":347,"date":"2014-12-30T17:19:17","date_gmt":"2014-12-30T17:19:17","guid":{"rendered":"http:\/\/t.kupsik.com.pl\/?page_id=347"},"modified":"2022-11-28T10:15:44","modified_gmt":"2022-11-28T09:15:44","slug":"o-nas","status":"publish","type":"page","link":"https:\/\/kupsik.com.pl\/index.php\/o-nas\/","title":{"rendered":"O nas"},"content":{"rendered":"<div class=\"panel-grid\" id=\"pg-347-0\" ><div class=\"panel-grid-core\"><div class=\"panel-grid-cell\" id=\"pgc-347-0-0\" ><div class=\"panel-widget-style\" ><p><img loading=\"lazy\" decoding=\"async\" width=\"300\" height=\"200\" src=\"https:\/\/kupsik.com.pl\/wp-content\/uploads\/2014\/12\/img_96731-300x200.jpg\" class=\"attachment-medium size-medium\" alt=\"\" srcset=\"https:\/\/kupsik.com.pl\/wp-content\/uploads\/2014\/12\/img_96731-300x200.jpg 300w, https:\/\/kupsik.com.pl\/wp-content\/uploads\/2014\/12\/img_96731-570x380.jpg 570w, https:\/\/kupsik.com.pl\/wp-content\/uploads\/2014\/12\/img_96731-380x254.jpg 380w, https:\/\/kupsik.com.pl\/wp-content\/uploads\/2014\/12\/img_96731-285x190.jpg 285w, https:\/\/kupsik.com.pl\/wp-content\/uploads\/2014\/12\/img_96731.jpg 800w\" sizes=\"auto, (max-width: 300px) 100vw, 300px\" \/><\/p><h3>KUPSIK Sp. z o. o.<\/h3><p>Firma Kupsik dzia\u0142a w bran\u017cy metalowej nieprzerwanie od 1982 roku. W pierwszym roku istnienia firma zatrudnia\u0142a 2 pracownik\u00f3w, obecnie za\u0142oga nasza liczy 150 os\u00f3b. W roku 2007 siedziba firmy zosta\u0142a przeniesiona do nowego kompleksu produkcyjnego o \u0142\u0105cznej powierzchni 2,6 ha, gdzie znajduj\u0105 si\u0119 hala produkcyjna, linia do rozcinania wzd\u0142u\u017cnego, magazyny oraz budynek administracyjny. W roku 2008 oddali\u015bmy do u\u017cytku w\u0142asn\u0105 galwanizerni\u0119.<\/p>\n<p>Nasz g\u0142\u00f3wny produkt stanowi\u0105 profile, naro\u017cniki, zawieszki oraz inne akcesoria metalowe ze stali ocynkowanej, aluminiowe i nierdzewne s\u0142u\u017c\u0105ce do monta\u017cu kana\u0142\u00f3w wentylacyjnych . System nasz opiera si\u0119 na opatentowanych profilach MK20 i MK30 oraz na systemie \"K\", kt\u00f3ry zapewnia nowoczesny monta\u017c wentylacji i klimatyzacji w obiektach u\u017cyteczno\u015bci publicznej.<\/p>\n<p>Jeste\u015bmy te\u017c producentem oku\u0107 metalowych do produkcji plandek samochodowych, namiot\u00f3w i baner\u00f3w reklamowych. \u015awiadczymy r\u00f3wnie\u017c us\u0142ugi profilowania na \u017cyczenie klienta (profile okienne, pod\u0142ogowe i inne). Odbiorcami naszych wyrob\u00f3w s\u0105 liczni kontrahenci z Polski oraz wielu kraj\u00f3w europejskich. Dok\u0142adamy wielu stara\u0144, aby nazwa Kupsik kojarzy\u0142a si\u0119 naszym klientom z wysok\u0105 jako\u015bci\u0105, korzystn\u0105 cen\u0105 i kompetentn\u0105 obs\u0142ug\u0105.<\/p>\n<\/div><\/div><\/div><\/div>","protected":false},"excerpt":{"rendered":"<p>KUPSIK Sp. z o. o.Firma Kupsik dzia\u0142a w bran\u017cy metalowej nieprzerwanie od 1982 roku. W pierwszym roku istnienia firma zatrudnia\u0142a 2 pracownik\u00f3w, obecnie za\u0142oga nasza liczy 150 os\u00f3b. W roku 2007 siedziba firmy zosta\u0142a przeniesiona do nowego kompleksu produkcyjnego o \u0142\u0105cznej powierzchni 2,6 ha, gdzie znajduj\u0105 si\u0119 hala produkcyjna, linia do rozcinania wzd\u0142u\u017cnego, magazyny oraz [&hellip;]<\/p>\n","protected":false},"author":1,"featured_media":0,"parent":0,"menu_order":0,"comment_status":"closed","ping_status":"closed","template":"","meta":{"footnotes":""},"categories":[],"tags":[],"class_list":["post-347","page","type-page","status-publish","hentry"],"_links":{"self":[{"href":"https:\/\/kupsik.com.pl\/index.php\/wp-json\/wp\/v2\/pages\/347","targetHints":{"allow":["GET"]}}],"collection":[{"href":"https:\/\/kupsik.com.pl\/index.php\/wp-json\/wp\/v2\/pages"}],"about":[{"href":"https:\/\/kupsik.com.pl\/index.php\/wp-json\/wp\/v2\/types\/page"}],"author":[{"embeddable":true,"href":"https:\/\/kupsik.com.pl\/index.php\/wp-json\/wp\/v2\/users\/1"}],"replies":[{"embeddable":true,"href":"https:\/\/kupsik.com.pl\/index.php\/wp-json\/wp\/v2\/comments?post=347"}],"version-history":[{"count":2,"href":"https:\/\/kupsik.com.pl\/index.php\/wp-json\/wp\/v2\/pages\/347\/revisions"}],"predecessor-version":[{"id":753,"href":"https:\/\/kupsik.com.pl\/index.php\/wp-json\/wp\/v2\/pages\/347\/revisions\/753"}],"wp:attachment":[{"href":"https:\/\/kupsik.com.pl\/index.php\/wp-json\/wp\/v2\/media?parent=347"}],"wp:term":[{"taxonomy":"category","embeddable":true,"href":"https:\/\/kupsik.com.pl\/index.php\/wp-json\/wp\/v2\/categories?post=347"},{"taxonomy":"post_tag","embeddable":true,"href":"https:\/\/kupsik.com.pl\/index.php\/wp-json\/wp\/v2\/tags?post=347"}],"curies":[{"name":"wp","href":"https:\/\/api.w.org\/{rel}","templated":true}]}}