{"id":111,"date":"2014-12-12T07:34:51","date_gmt":"2014-12-12T07:34:51","guid":{"rendered":"http:\/\/em-design.pl\/wp\/?page_id=111"},"modified":"2016-02-01T08:44:40","modified_gmt":"2016-02-01T07:44:40","slug":"profile-specjalne","status":"publish","type":"page","link":"https:\/\/kupsik.com.pl\/index.php\/uslugi\/profile-specjalne\/","title":{"rendered":"Profile specjalne"},"content":{"rendered":"<p><img loading=\"lazy\" decoding=\"async\" class=\"aligncenter  wp-image-190\" src=\"http:\/\/t.kupsik.com.pl\/wp-content\/uploads\/2014\/12\/IMG_0869-300x105.jpg\" alt=\"IMG_0869\" width=\"577\" height=\"202\" \/><\/p>\n<p>W naszej ofercie znajda Pa\u0144stwo r\u00f3wnie\u017c profile specjalne. istnieje mo\u017cliwo\u015b\u0107 wykonania u nas profili specjalnie pod Pa\u0144stwa zam\u00f3wienie i specyfikacje. ca\u0142o\u015b\u0107 procesu nadzorowana jest przez naszych wykwalifikowanych in\u017cynier\u00f3w i wszelkie narz\u0119dzia potrzebne do wykonania Pa\u0144stwa profili s\u0105 wykonywane na miejscu co znacznie ogranicza czas oraz zapewnia maksymalnie zminimalizowanie koszt\u00f3w.<\/p>\n<p>&nbsp;<\/p>\n","protected":false},"excerpt":{"rendered":"<p>W naszej ofercie znajda Pa\u0144stwo r\u00f3wnie\u017c profile specjalne. istnieje mo\u017cliwo\u015b\u0107 wykonania u nas profili specjalnie pod Pa\u0144stwa zam\u00f3wienie i specyfikacje. ca\u0142o\u015b\u0107 procesu nadzorowana jest przez naszych wykwalifikowanych in\u017cynier\u00f3w i wszelkie narz\u0119dzia potrzebne do wykonania Pa\u0144stwa profili s\u0105 wykonywane na miejscu co znacznie ogranicza czas oraz zapewnia maksymalnie zminimalizowanie koszt\u00f3w. &nbsp;<\/p>\n","protected":false},"author":1,"featured_media":0,"parent":66,"menu_order":0,"comment_status":"closed","ping_status":"closed","template":"","meta":{"footnotes":""},"categories":[],"tags":[],"class_list":["post-111","page","type-page","status-publish","hentry"],"_links":{"self":[{"href":"https:\/\/kupsik.com.pl\/index.php\/wp-json\/wp\/v2\/pages\/111","targetHints":{"allow":["GET"]}}],"collection":[{"href":"https:\/\/kupsik.com.pl\/index.php\/wp-json\/wp\/v2\/pages"}],"about":[{"href":"https:\/\/kupsik.com.pl\/index.php\/wp-json\/wp\/v2\/types\/page"}],"author":[{"embeddable":true,"href":"https:\/\/kupsik.com.pl\/index.php\/wp-json\/wp\/v2\/users\/1"}],"replies":[{"embeddable":true,"href":"https:\/\/kupsik.com.pl\/index.php\/wp-json\/wp\/v2\/comments?post=111"}],"version-history":[{"count":1,"href":"https:\/\/kupsik.com.pl\/index.php\/wp-json\/wp\/v2\/pages\/111\/revisions"}],"predecessor-version":[{"id":776,"href":"https:\/\/kupsik.com.pl\/index.php\/wp-json\/wp\/v2\/pages\/111\/revisions\/776"}],"up":[{"embeddable":true,"href":"https:\/\/kupsik.com.pl\/index.php\/wp-json\/wp\/v2\/pages\/66"}],"wp:attachment":[{"href":"https:\/\/kupsik.com.pl\/index.php\/wp-json\/wp\/v2\/media?parent=111"}],"wp:term":[{"taxonomy":"category","embeddable":true,"href":"https:\/\/kupsik.com.pl\/index.php\/wp-json\/wp\/v2\/categories?post=111"},{"taxonomy":"post_tag","embeddable":true,"href":"https:\/\/kupsik.com.pl\/index.php\/wp-json\/wp\/v2\/tags?post=111"}],"curies":[{"name":"wp","href":"https:\/\/api.w.org\/{rel}","templated":true}]}}